{"id":206,"date":"2014-10-28T09:28:10","date_gmt":"2014-10-28T07:28:10","guid":{"rendered":"http:\/\/www.sovek.ee\/?page_id=206"},"modified":"2014-11-24T14:48:56","modified_gmt":"2014-11-24T12:48:56","slug":"avaleht","status":"publish","type":"page","link":"https:\/\/www.sovek.ee\/fi\/","title":{"rendered":"Etusivu"},"content":{"rendered":"<div class=\"one_half \"><\/p>\n<h4>Toiminta keskittyy p\u00e4\u00e4asiallisesti talonsis\u00e4iseen verkostoon:<\/h4>\n<p><div class=\"list_4\"><\/p>\n<ul>\n<li>vesij\u00e4rjestelm\u00e4<\/li>\n<li>viem\u00e4r\u00f6inti<\/li>\n<li>l\u00e4mmitysj\u00e4rjestelm\u00e4t<\/li>\n<li>l\u00e4mp\u00f6eriste<\/li>\n<li>tulipalontorjuntaj\u00e4rjestelm\u00e4t<\/li>\n<li>l\u00e4mp\u00f6keskusten rakentaminen<\/li>\n<li>kaasuvaroittimien rakentaminen<\/li>\n<li>suunnittelu<\/li>\n<\/ul>\n<p><\/div><br \/>\n<\/div>\n<div class=\"one_half &#8221;last&#8221;\"><\/p>\n<h4>Toteutamme pieniss\u00e4 eriss\u00e4 my\u00f6s ulkolinjojen rakentamista.<\/h4>\n<p>Nykyp\u00e4iv\u00e4n\u00e4 Sovek oy on rakennusfirma, jonka t\u00e4rkeimpi\u00e4 p\u00e4\u00e4m\u00e4\u00e4ri\u00e4 ovat hyv\u00e4 laatuty\u00f6, sopimusaikatauluissa pysyminen sek\u00e4 edullinen hinta.<\/p>\n<p><\/div>\n<h4>Asiakkaiden<\/h4>\n\n\t<div class=\"block_our_clients\">\n\t\t<div class=\"client\">\n\t\t\t<a href=\"\" target=\"\">\n\t\t\t\t<img decoding=\"async\" class=\"grayscale\" alt=\"\" src=\"http:\/\/www.sovek.ee\/wp-content\/uploads\/2014\/10\/LOGCOL.png\" \/>\n\t\t\t<\/a>\n\t\t<\/div>\n\t<\/div>\n\t\n\n\t<div class=\"block_our_clients\">\n\t\t<div class=\"client\">\n\t\t\t<a href=\"\" target=\"\">\n\t\t\t\t<img decoding=\"async\" class=\"grayscale\" alt=\"\" src=\"http:\/\/www.sovek.ee\/wp-content\/uploads\/2014\/10\/FEB-logo.png\" \/>\n\t\t\t<\/a>\n\t\t<\/div>\n\t<\/div>\n\t\n\n\t<div class=\"block_our_clients\">\n\t\t<div class=\"client\">\n\t\t\t<a href=\"\" target=\"\">\n\t\t\t\t<img decoding=\"async\" class=\"grayscale\" alt=\"\" src=\"http:\/\/www.sovek.ee\/wp-content\/uploads\/2014\/10\/Hals-Trading-logo-2-1.png\" \/>\n\t\t\t<\/a>\n\t\t<\/div>\n\t<\/div>\n\t\n\n\t<div class=\"block_our_clients\">\n\t\t<div class=\"client\">\n\t\t\t<a href=\"\" target=\"\">\n\t\t\t\t<img decoding=\"async\" class=\"grayscale\" alt=\"\" src=\"http:\/\/www.sovek.ee\/wp-content\/uploads\/2014\/10\/hekamerk_blended_logo_corrected3-2013.png\" \/>\n\t\t\t<\/a>\n\t\t<\/div>\n\t<\/div>\n\t\n\n\t<div class=\"block_our_clients\">\n\t\t<div class=\"client\">\n\t\t\t<a href=\"\" target=\"\">\n\t\t\t\t<img decoding=\"async\" class=\"grayscale\" alt=\"\" src=\"http:\/\/www.sovek.ee\/wp-content\/uploads\/2014\/10\/SKS-LOGO.png\" \/>\n\t\t\t<\/a>\n\t\t<\/div>\n\t<\/div>\n\t\n<p>\n\t<div class=\"block_our_clients\">\n\t\t<div class=\"client\">\n\t\t\t<a href=\"\" target=\"\">\n\t\t\t\t<img decoding=\"async\" class=\"grayscale\" alt=\"\" src=\"http:\/\/www.sovek.ee\/wp-content\/uploads\/2014\/10\/Vennad-Dahl-logo.png\" \/>\n\t\t\t<\/a>\n\t\t<\/div>\n\t<\/div>\n\t<br \/>\n&nbsp;<\/p>\n<p>\n\t<div class=\"block_latest_projects\">\n\t\t<div class=\"project\">\n\t\t\t<div class=\"image general_pic_hover_1\">\n\t\t\t\t<img decoding=\"async\" src=\"http:\/\/www.sovek.ee\/wp-content\/uploads\/2014\/10\/banner.jpg\" alt=\"sisu\" \/>\n\t\t\t\t<div class=\"info\">\n\t\t\t\t\t<div class=\"icons\">\n\t\t\t\t\t\t<ul>\n\t\t\t\t\t\t\t<li><a href=\"http:\/\/www.sovek.ee\/wp-content\/uploads\/2014\/10\/banner.jpg\" data-rel=\"prettyPhoto\" class=\"icon_scale\" title=\"\">Scale<\/a><\/li>\n\t\t\t\t\t\t<\/ul>\n\t\t\t\t\t<\/div>\n\t\t\t\t<\/div>\n\t\t\t<\/div>\t\t\n\t\t\t<div class=\"description\">\n\t\t\t\t<h6 class=\"project_title\"><a href=\"https:\/\/www.sovek.ee\/fi\/viittaukset\/\" target=\"\">Narva Astri Kaubanduskeskus<\/a><\/h6>\n\t\t\t\t<p class=\"tags\">AS Nordecon<\/p>\n\t\t\t<\/div>\n\t\t<\/div>\n\t<\/div>\n\t<br \/>\n\n\t<div class=\"block_latest_projects\">\n\t\t<div class=\"project\">\n\t\t\t<div class=\"image general_pic_hover_1\">\n\t\t\t\t<img decoding=\"async\" src=\"http:\/\/www.sovek.ee\/wp-content\/uploads\/2014\/10\/banner.jpg\" alt=\"sisu\" \/>\n\t\t\t\t<div class=\"info\">\n\t\t\t\t\t<div class=\"icons\">\n\t\t\t\t\t\t<ul>\n\t\t\t\t\t\t\t<li><a href=\"http:\/\/www.sovek.ee\/wp-content\/uploads\/2014\/10\/banner.jpg\" data-rel=\"prettyPhoto\" class=\"icon_scale\" title=\"\">Scale<\/a><\/li>\n\t\t\t\t\t\t<\/ul>\n\t\t\t\t\t<\/div>\n\t\t\t\t<\/div>\n\t\t\t<\/div>\t\t\n\t\t\t<div class=\"description\">\n\t\t\t\t<h6 class=\"project_title\"><a href=\"https:\/\/www.sovek.ee\/fi\/viittaukset\/\" target=\"\">Narva Konsum<\/a><\/h6>\n\t\t\t\t<p class=\"tags\">AS Merko Ehitus Eesti<\/p>\n\t\t\t<\/div>\n\t\t<\/div>\n\t<\/div>\n\t<br \/>\n\n\t<div class=\"block_latest_projects\">\n\t\t<div class=\"project\">\n\t\t\t<div class=\"image general_pic_hover_1\">\n\t\t\t\t<img decoding=\"async\" src=\"http:\/\/www.sovek.ee\/wp-content\/uploads\/2014\/10\/banner.jpg\" alt=\"sisu\" \/>\n\t\t\t\t<div class=\"info\">\n\t\t\t\t\t<div class=\"icons\">\n\t\t\t\t\t\t<ul>\n\t\t\t\t\t\t\t<li><a href=\"http:\/\/www.sovek.ee\/wp-content\/uploads\/2014\/10\/banner.jpg\" data-rel=\"prettyPhoto\" class=\"icon_scale\" title=\"\">Scale<\/a><\/li>\n\t\t\t\t\t\t<\/ul>\n\t\t\t\t\t<\/div>\n\t\t\t\t<\/div>\n\t\t\t<\/div>\t\t\n\t\t\t<div class=\"description\">\n\t\t\t\t<h6 class=\"project_title\"><a href=\"https:\/\/www.sovek.ee\/fi\/viittaukset\/\" target=\"\">P\u00e4rna\u00f5ue korterelamud<\/a><\/h6>\n\t\t\t\t<p class=\"tags\">O\u00dc Mitt &amp; Perlebach<\/p>\n\t\t\t<\/div>\n\t\t<\/div>\n\t<\/div>\n\t<br \/>\n\n\t<div class=\"block_latest_projects\">\n\t\t<div class=\"project\">\n\t\t\t<div class=\"image general_pic_hover_1\">\n\t\t\t\t<img decoding=\"async\" src=\"http:\/\/www.sovek.ee\/wp-content\/uploads\/2014\/10\/banner.jpg\" alt=\"sisu\" \/>\n\t\t\t\t<div class=\"info\">\n\t\t\t\t\t<div class=\"icons\">\n\t\t\t\t\t\t<ul>\n\t\t\t\t\t\t\t<li><a href=\"http:\/\/www.sovek.ee\/wp-content\/uploads\/2014\/10\/banner.jpg\" data-rel=\"prettyPhoto\" class=\"icon_scale\" title=\"\">Scale<\/a><\/li>\n\t\t\t\t\t\t<\/ul>\n\t\t\t\t\t<\/div>\n\t\t\t\t<\/div>\n\t\t\t<\/div>\t\t\n\t\t\t<div class=\"description\">\n\t\t\t\t<h6 class=\"project_title\"><a href=\"https:\/\/www.sovek.ee\/fi\/viittaukset\/\" target=\"\">Maaelu Edendamise Sihtasutus<\/a><\/h6>\n\t\t\t\t<p class=\"tags\">AS P\u00e4rlin<\/p>\n\t\t\t<\/div>\n\t\t<\/div>\n\t<\/div>\n\t<\/p>\n","protected":false},"excerpt":{"rendered":"<p>Asiakkaiden &nbsp;<\/p>\n","protected":false},"author":1,"featured_media":0,"parent":0,"menu_order":0,"comment_status":"closed","ping_status":"closed","template":"","meta":{"footnotes":""},"class_list":["post-206","page","type-page","status-publish","hentry"],"yoast_head":"<!-- This site is optimized with the Yoast SEO plugin v19.9 - https:\/\/yoast.com\/wordpress\/plugins\/seo\/ -->\n<title>Etusivu - Sovek<\/title>\n<meta name=\"robots\" content=\"index, follow, max-snippet:-1, max-image-preview:large, max-video-preview:-1\" \/>\n<link rel=\"canonical\" href=\"https:\/\/www.sovek.ee\/fi\/\" \/>\n<meta property=\"og:locale\" content=\"fi_FI\" \/>\n<meta property=\"og:type\" content=\"article\" \/>\n<meta property=\"og:title\" content=\"Etusivu - Sovek\" \/>\n<meta property=\"og:description\" content=\"Asiakkaiden &nbsp;\" \/>\n<meta property=\"og:url\" content=\"https:\/\/www.sovek.ee\/fi\/\" \/>\n<meta property=\"og:site_name\" content=\"Sovek\" \/>\n<meta property=\"article:modified_time\" content=\"2014-11-24T12:48:56+00:00\" \/>\n<meta name=\"twitter:label1\" content=\"Arvioitu lukuaika\" \/>\n\t<meta name=\"twitter:data1\" content=\"1 minuutti\" \/>\n<script type=\"application\/ld+json\" class=\"yoast-schema-graph\">{\"@context\":\"https:\/\/schema.org\",\"@graph\":[{\"@type\":\"WebPage\",\"@id\":\"https:\/\/www.sovek.ee\/fi\/\",\"url\":\"https:\/\/www.sovek.ee\/fi\/\",\"name\":\"Etusivu - Sovek\",\"isPartOf\":{\"@id\":\"https:\/\/www.sovek.ee\/#website\"},\"datePublished\":\"2014-10-28T07:28:10+00:00\",\"dateModified\":\"2014-11-24T12:48:56+00:00\",\"breadcrumb\":{\"@id\":\"https:\/\/www.sovek.ee\/fi\/#breadcrumb\"},\"inLanguage\":\"fi\",\"potentialAction\":[{\"@type\":\"ReadAction\",\"target\":[\"https:\/\/www.sovek.ee\/fi\/\"]}]},{\"@type\":\"BreadcrumbList\",\"@id\":\"https:\/\/www.sovek.ee\/fi\/#breadcrumb\",\"itemListElement\":[{\"@type\":\"ListItem\",\"position\":1,\"name\":\"Home\",\"item\":\"https:\/\/www.sovek.ee\/fi\/\"},{\"@type\":\"ListItem\",\"position\":2,\"name\":\"Etusivu\"}]},{\"@type\":\"WebSite\",\"@id\":\"https:\/\/www.sovek.ee\/#website\",\"url\":\"https:\/\/www.sovek.ee\/\",\"name\":\"Sovek\",\"description\":\"\",\"potentialAction\":[{\"@type\":\"SearchAction\",\"target\":{\"@type\":\"EntryPoint\",\"urlTemplate\":\"https:\/\/www.sovek.ee\/?s={search_term_string}\"},\"query-input\":\"required name=search_term_string\"}],\"inLanguage\":\"fi\"}]}<\/script>\n<!-- \/ Yoast SEO plugin. -->","yoast_head_json":{"title":"Etusivu - Sovek","robots":{"index":"index","follow":"follow","max-snippet":"max-snippet:-1","max-image-preview":"max-image-preview:large","max-video-preview":"max-video-preview:-1"},"canonical":"https:\/\/www.sovek.ee\/fi\/","og_locale":"fi_FI","og_type":"article","og_title":"Etusivu - Sovek","og_description":"Asiakkaiden &nbsp;","og_url":"https:\/\/www.sovek.ee\/fi\/","og_site_name":"Sovek","article_modified_time":"2014-11-24T12:48:56+00:00","twitter_misc":{"Arvioitu lukuaika":"1 minuutti"},"schema":{"@context":"https:\/\/schema.org","@graph":[{"@type":"WebPage","@id":"https:\/\/www.sovek.ee\/fi\/","url":"https:\/\/www.sovek.ee\/fi\/","name":"Etusivu - Sovek","isPartOf":{"@id":"https:\/\/www.sovek.ee\/#website"},"datePublished":"2014-10-28T07:28:10+00:00","dateModified":"2014-11-24T12:48:56+00:00","breadcrumb":{"@id":"https:\/\/www.sovek.ee\/fi\/#breadcrumb"},"inLanguage":"fi","potentialAction":[{"@type":"ReadAction","target":["https:\/\/www.sovek.ee\/fi\/"]}]},{"@type":"BreadcrumbList","@id":"https:\/\/www.sovek.ee\/fi\/#breadcrumb","itemListElement":[{"@type":"ListItem","position":1,"name":"Home","item":"https:\/\/www.sovek.ee\/fi\/"},{"@type":"ListItem","position":2,"name":"Etusivu"}]},{"@type":"WebSite","@id":"https:\/\/www.sovek.ee\/#website","url":"https:\/\/www.sovek.ee\/","name":"Sovek","description":"","potentialAction":[{"@type":"SearchAction","target":{"@type":"EntryPoint","urlTemplate":"https:\/\/www.sovek.ee\/?s={search_term_string}"},"query-input":"required name=search_term_string"}],"inLanguage":"fi"}]}},"_links":{"self":[{"href":"https:\/\/www.sovek.ee\/fi\/wp-json\/wp\/v2\/pages\/206","targetHints":{"allow":["GET"]}}],"collection":[{"href":"https:\/\/www.sovek.ee\/fi\/wp-json\/wp\/v2\/pages"}],"about":[{"href":"https:\/\/www.sovek.ee\/fi\/wp-json\/wp\/v2\/types\/page"}],"author":[{"embeddable":true,"href":"https:\/\/www.sovek.ee\/fi\/wp-json\/wp\/v2\/users\/1"}],"replies":[{"embeddable":true,"href":"https:\/\/www.sovek.ee\/fi\/wp-json\/wp\/v2\/comments?post=206"}],"version-history":[{"count":7,"href":"https:\/\/www.sovek.ee\/fi\/wp-json\/wp\/v2\/pages\/206\/revisions"}],"predecessor-version":[{"id":451,"href":"https:\/\/www.sovek.ee\/fi\/wp-json\/wp\/v2\/pages\/206\/revisions\/451"}],"wp:attachment":[{"href":"https:\/\/www.sovek.ee\/fi\/wp-json\/wp\/v2\/media?parent=206"}],"curies":[{"name":"wp","href":"https:\/\/api.w.org\/{rel}","templated":true}]}}